{"id":54591,"date":"2023-03-21T14:24:47","date_gmt":"2023-03-21T12:24:47","guid":{"rendered":"https:\/\/tamnoukoda.ee\/eesti-reiki-kool-intervjuu-kes-me-oleme\/"},"modified":"2023-03-21T14:33:10","modified_gmt":"2023-03-21T12:33:10","slug":"eesti-reiki-kool-intervjuu-kes-me-oleme","status":"publish","type":"page","link":"https:\/\/tamnoukoda.ee\/en\/eesti-reiki-kool-intervjuu-kes-me-oleme\/","title":{"rendered":"Eesti Reiki Kool &#8211; intervjuu &#8220;Kes me oleme&#8221;"},"content":{"rendered":"<p><span style=\"font-size: 12pt;\"><strong>1. Kes te olete ja mida teete? Kuidas see TAM eriala on seotud inimese tervisega ja kas on tuua ka kajastusi mujalt maailmast?<\/strong><\/span><\/p>\n<p>Age Pihlak, Reiki Meister ja reikip\u00f5hist elustiili harrastanud juba \u00fcle 18. aasta. Olen ka MT\u00dc Eesti Reiki Kooli juhatuses, sest kooli loomine oli kunagi minu suureks unistuseks. J\u00e4tkuvalt korraldan meie koolis reiki kursuseid ja t\u00f6\u00f6tubasid ning pakun ka individuaalseansse koos konsultatsiooni ja diagnostikaga. Aastatega, koos Mt\u00fc liikmetega tegutsedes ja kogemusi saades, oleme m\u00f5istnud, kuidas reiki \u00f5petust viia inimesteni. On s\u00fcndinud nii mitmedki uued reiki \u00fcritused ja koost\u00f6\u00f6 v\u00f5imalused teiste inimeste aitajate, tervendajate ja suuremate terviseedenduse \u00fchingutega.<\/p>\n<p>Aastast 2006, sukeldusin kolmeks aastaks \u00fclikooli ps\u00fchholoogia \u00f5pingutesse. Kooli l\u00f5ppedes valisin ps\u00fchholoogiliseks koolkonnaks transpersonaalse ps\u00fchholoogia, sest l\u00f5put\u00f6\u00f6ks tegin antropoloogilise uurimust\u00f6\u00f6 iseendast l\u00e4bi transpersonaalse ps\u00fchholoogia vaatevinkli. Kuna ma tundsin meedia ja teaduse ees ennast ebakindlalt, seep\u00e4rast uurisin ja vaatlesin ennast teaduslikult elamiskriiside perioodidel, praktiseerides tervenduseks ja riisidest v\u00e4ljatulemiseks reiki vaimseid ja f\u00fc\u00fcsilisi praktikaid. Aga k\u00e4isin ka massaa\u017eikoolis juurde \u00f5ppimas erinevaid masseerimise stiile, et \u00f5ppida paremini tundma inimese f\u00fc\u00fcsilist keha. Reikit l\u00e4ksin \u00f5ppima seep\u00e4rast, et sain aru, et olen l\u00e4bip\u00f5lenud nii t\u00f6\u00f6alaselt kui peresuhetes ja lisaks oli mul ka mitmeid kroonilisi ja juba f\u00fc\u00fcsilisi haigusi. Oma maagiahuvilisest ema k\u00e4est kuulsin, et on olemas k\u00e4tega energiaravimise kunst reiki, mis p\u00f5hineb aasiamaade filosoofial. Minu k\u00f5igi astmete Meister-\u00f5petaja on Anti Kreem. Iga aastaga veendusin ja kuulsin ka teiste reiki praktikute k\u00e4est, et see k\u00e4tega tervendamise kunst on \u00fcks maailma armastatuim ja populaarsein valgemaagia praktika, millega on v\u00f5imalik teha ainult head ja korda saata imesid. Saades reiki p\u00fchitsuse, hakkab see imeline elusolev energia k\u00f5igepealt tervendama ja harmoniseerima \u00f5pilast ennast. Veidi hiljem, aastal 2010 n\u00e4gin telekast saadet, kus Columbia \u00dclikooli s\u00fcdamekirurg prof Mehmet Oz tutvustas reikit oma telesaates \u201eDr Ozi \u0161ou\u201c ja kirjeldas reikit kui energiameditsiini, mis v\u00f5ib olla k\u00f5igist alternatiivravi meetoditest k\u00f5ige t\u00f5husam ja lihtsam tervendusviis. Ta teatas, et tema abikaasa Lisa on ka reikimeister ja doktor julgustas ka oma kuulajajaid reikiteraapia tervendavat ja l\u00f5\u00f5gastavat m\u00f5ju proovima.<\/p>\n<p>Dr Oz on kaasanud reikimeistreid ka oma operatsioonitubadesse ning lasknud teha teaduslikke uuringuid, reiki abil tervendamise positiivsetest m\u00f5judest 11 patsiendil (Oz, 2009). Siin Ozi video: https:\/\/www.youtube.com\/watch?v=8RjWl8H6wdg<\/p>\n<p>Anti Kreem, Reiki Meister ja Reikiga tegelenud \u00fcle 20 aasta. MT\u00dc Eesti Reiki kool asutajaliige, juhatuse liige ja algsete koolituskavade v\u00e4ljat\u00f6\u00f6taja vastavalt Jaapani (ka Mikao Usui) algup\u00e4rastele traditsioonidele.<\/p>\n<p><span style=\"font-size: 12pt;\"><strong>2. Kui kaua kestab teie instituudis v\u00e4lja\u00f5pe? Mida peate v\u00e4lja\u00f5ppes k\u00f5ige olulisemaks? Kui palju on selle erialaga tegelejaid Eestis?<\/strong><\/span><\/p>\n<p>Eesti Reiki Kooli reiki kursused on Sensei Mikao Usui traditsiooni kohaselt kolmeastmelised, kus antakse edasi kontaktp\u00fchitsused ja treenitakse byoseni tajumist. Iga astme kursus toimub tavaliselt kahel p\u00e4eval v\u00f5i kolmel \u00f5htul. Grupis osaleb maksimum 6 inimest. Kursused on loodud k\u00f5igile isiklikuks spirituaalseks ja holistiliseks arenguks. P\u00e4rast iga astme kursust, tuleb \u00f5pilasel 21 p\u00e4eva praktiseerida meditatiivseid ja tervikut puhastavaid harjutusi, et uus energia ja uued m\u00f5ttemustrid saaksid salvestuda kehasse, alateadvusse ja harjumusena argiellu.<\/p>\n<p>Kui \u00f5pilane vajab, on v\u00f5imalik hiljem k\u00f5iki astmeid koos Reijuga \u00fcle korrata v\u00f5i tulla t\u00f6\u00f6tubadesse reikit praktiseerima. Igale astmele on loodud praktikumid ja kokkutulekud, kus saab osaleda mitu korda aastas. Konkreetset ja ajalist \u00f5ppimise pikkust l\u00e4bi k\u00f5igi astmete on v\u00e4ga keeruline \u00f6elda, sest kogu reiki\u00f5pe iga inimeseks jaoks on h\u00e4sti isiklik. Iga\u00fcks j\u00f5uab j\u00e4rgmisele astmele siis, kui ta ise tunneb, et n\u00fc\u00fcd on valmis edasi \u00f5ppima ja reikiteel edasi astuma. Reiki \u00f5ppimine on elukestev areng ja ka igap\u00e4evane eluviis. Kui tahetakse rohkem teisi inimesi aidata ja tervendada, siis kindlasti \u00fcsna pea j\u00f5utakse 2. astmele, et terapeudiks \u00f5ppida. Ja kui tekib teadmine, et on juba midagi ka inimestele edasi \u00f6elda v\u00f5i soovitada, siis astutakse edasi 3. astmele, et saada Reiki Meistriks. Reiki ja energiat\u00f6\u00f6 Meistriks \u00f5pitakse kogu elu, see on aastaid kestev vaimne, emotsionaalne ja f\u00fc\u00fcsiline areng, et saada teadlikuks iseendast.<\/p>\n<p>Meie Reiki Koolis toimuvad kursused ainult kohapeal silmast silma. Me ei korralda veebi\u00fcritusi p\u00f5him\u00f5tteliselt, sest k\u00f5ige t\u00f5husam t\u00f6\u00f6tuba saab toimuma ainult p\u00e4ris maailmas silmast silma ja energiast-energiasse, kus osaleja saab reaalselt kuulda, n\u00e4ha ja puudutada kohapeal teisi inimesi.<\/p>\n<p>Reiki \u00f5petuse olemus baseerub Meistrilt \u00f5pilasele edasi p\u00e4randatud liini\u00f5ppel. Et teadmisi ja praktilisi kogemusi edasi anda, tehakse igal astmel traditsioonilised kontakt Reiju-p\u00fchitsused igale \u00f5pilasele eraldi.<\/p>\n<p>On v\u00e4ga t\u00e4htis, et p\u00fchitsus antakse edasi \u00f5petaja f\u00fc\u00fcsilisel juuresolekul. On juba vanemad meistrid v\u00e4itnud ja oleme ka meie aastate jooksul m\u00e4rganud, et \u00f5petaja asjatundlikkus ja byoseni tajumisv\u00f5imed (k\u00e4tega \u00f5pitakse tunnetama byoseni 5 toksilist astet, mis n\u00e4itavad toksilisust auras ja kehas) voolavad loomulikult \u00f5pilastesse tema f\u00fc\u00fcsilisel kohalolekul. &#8220;See on Suure Kosmilise Vaimu loodusj\u00f5ud. K\u00f5rgem vibratsioon transformeerib madalamat!&#8221; (Reiki Meister F. A. Petter, 2008) Kuna Eestis tegutseb Reiki Meistreid, kes on \u00f5ppinud rekikunsti ka v\u00e4ljaspool meie riiki, siis ei tea arvuliselt \u00f6elda, kui palju terapeute v\u00f5i meistreid meil siin tegelikult on. Aga meie koolist on k\u00e4inud l\u00e4bi ligi tuhat inimest, nendest umbes pooled on j\u00f5udnud 2. astmele ja umbes 120 huvilist on j\u00f5udnud ka 3. astmele. NB! Reiki ei asenda ega v\u00e4lista teaduslikku meditsiini, vaid on t\u00e4iend- v\u00f5i alternatiivraviks koos teiste terviseabi meetoditega. Reiki meditatiivne seanss liigitub energiameditsiini alla ja aitab haigusi ennetada v\u00f5i haigustest taastuda. Reiki Meister teavitab, et suuremate terviseprobleemidega tuleb p\u00f6\u00f6rduda ka arsti poole. Reiki Meister-terapeut ei pane ise diagnoosi ega sekku ka varem arsti poolt pandud diagnoosi ja raviprotsessi!.<\/p>\n<p><span style=\"font-size: 12pt;\"><strong>3. Miks otsustasite liituda TAM N\u00f5ukojaga?<\/strong><\/span><\/p>\n<p>Liitusime seep\u00e4rast, et meid tegelikult kutsuti erinevate inimeste poolt mitu korda. Aastaid tagasi m\u00f5tlesime liituda N\u00f5ukojaga, kuid k\u00f5ik j\u00e4i b\u00fcrokraatia ja riigi seadusandluse keerukuse taha. Otsustasime, et meil on omaette lihtsam tegutseda. Oleme ise palju erinevaid kogemusi saanud, aga viimasel ajal on tundunud, et on vaja areneda ja rohkem suhelda TAM-n\u00f5ukotta kuuluvate inimeste ja nende tervendavate praktikatega, kuna viimastel aastatel on v\u00e4lja ilmunud Reiki valdkonnas liba-meistreid ja \u2013\u00f5petajaid, kes teevad kiirelt ja hoolimatult kursuseid. Kuni selleni v\u00e4lja, et \u00fche astme kursus kestab pool p\u00e4eva v\u00f5i tehakse seda \u00fcldse \u00fcle interneti. Nende tegutsemine tekitab inimeste seas palju segadust ja ka pahandusi, sest nad ei anna edasi Reiki traditsioonilist juurtep\u00f5hist \u00f5petust, kogemusi ja enesearengu v\u00e4\u00e4rtuseid, pigem l\u00e4heb neil r\u00f5hk marketingile, kiirele m\u00fc\u00fcgile ja rahale, nagu ka muudes valdkondades t\u00e4nap\u00e4eval trendiks on. Selline suhtumine tekitab ka meile halba mainet. Ka see on \u00fcks p\u00f5hjus, miks liitusime TAM-ga.<\/p>\n<p><span style=\"font-size: 12pt;\"><strong>4. Kuidas hindate Eesti \u00fcldist seisu ja v\u00f5imalusi TAM valdkonnas? Milline v\u00f5iks olla tulevik?<\/strong><\/span><\/p>\n<p>TAM valdkonda tuleb igal juhul edasi arendada, kaasata tegijaid ja olla v\u00f5rdseks partneriks riiklikult \u201esertifitseeritud\u201c ehk heakskiidetud valdkondades, kui on v\u00f5imalik. Reiki saab olla suureks abiks iga\u00fchele, nagu ka teised riigi poolt siiani tunnustamata teraapia ja tervendamise valdkonnad. Liigne standardiseerimine ja \u00fchtlustamine muidugi rikub j\u00e4lle tasakaalu.<\/p>\n<p>TAM valdkondades ja teemades tulebki k\u00f5igepealt aru saada, et mis see TAM meie jaoks siin Eestis \u00f5igupoolest on, kuidas seda s\u00fcnkroniseerida riiklike \u201estandarditega\u201c ilma, et TAM valdkonnad ja v\u00f5imalused ise sellep\u00e4rast kannataks. Riikidevaheline koost\u00f6\u00f6 selles osas on kindlasti oluline, saab infot vahetada ja h\u00e4id kogemusi ka teistelt arvesse v\u00f5tta erinevates valdkondades. Samas tuleks keskenduda meie oma riigile ja selles toimuvale eesk\u00e4tt, et praeguses olukorras meil siin ja praegu toetada kasv\u00f5i adekvaatse infoga neid, kes selles valdkonnas p\u00e4riselt ka teevad asju \u00e4ra.<\/p>\n<p>Sama teema on v\u00f5itlemine \u00fcha suureneva liba-tegijate hulgaga k\u00f5igis TAM valdkondades. M\u00e4rks\u00f5naks siin on informatsioon, \u00fcldsuse teavitamine ja koondumine selle \u00fchise egiidi alla, kus on need, kes p\u00e4riselt ka valdavad teemasid, mida nad esindavad. Teeme iga\u00fcks oma asja \u00f5igesti ja maksimaalse t\u00f5hususega. Seda tulebki \u00fchiselt v\u00e4lja \u00f6elda, reklaamida, marketeerida vastukaaluks k\u00f5igi nende libategelaste informatsiooni ja tegemistele, anda inimestele adekvaatset infomatsiooni. Informatsioon on v\u00e4ga oluline ressurss t\u00e4nap\u00e4eval.<\/p>\n<p>Eesti Reiki Kool on oma algusest saati seisnud \u00f5ige informatsiooni eest omas vallas ja taganud Reiki \u00f5petuse edasiandmise muundamata kujul. Samamoodi toetame k\u00f5iki teisi, kes autentselt annavad edasi oma teemasid<\/p>\n","protected":false},"excerpt":{"rendered":"<p>1. Kes te olete ja mida teete? Kuidas see TAM eriala on seotud inimese tervisega ja kas on tuua ka kajastusi mujalt maailmast? Age Pihlak, Reiki Meister ja reikip\u00f5hist elustiili harrastanud juba \u00fcle 18. aasta. Olen ka MT\u00dc Eesti Reiki Kooli juhatuses, sest kooli loomine oli kunagi minu suureks unistuseks. J\u00e4tkuvalt korraldan meie koolis reiki [&hellip;]<\/p>\n","protected":false},"author":2,"featured_media":54344,"parent":0,"menu_order":0,"comment_status":"closed","ping_status":"closed","template":"","meta":{"_acf_changed":false,"_et_pb_use_builder":"","_et_pb_old_content":"","_et_gb_content_width":"","footnotes":"","_wp_rev_ctl_limit":""},"class_list":["post-54591","page","type-page","status-publish","has-post-thumbnail","hentry"],"acf":[],"_links":{"self":[{"href":"https:\/\/tamnoukoda.ee\/en\/wp-json\/wp\/v2\/pages\/54591","targetHints":{"allow":["GET"]}}],"collection":[{"href":"https:\/\/tamnoukoda.ee\/en\/wp-json\/wp\/v2\/pages"}],"about":[{"href":"https:\/\/tamnoukoda.ee\/en\/wp-json\/wp\/v2\/types\/page"}],"author":[{"embeddable":true,"href":"https:\/\/tamnoukoda.ee\/en\/wp-json\/wp\/v2\/users\/2"}],"replies":[{"embeddable":true,"href":"https:\/\/tamnoukoda.ee\/en\/wp-json\/wp\/v2\/comments?post=54591"}],"version-history":[{"count":1,"href":"https:\/\/tamnoukoda.ee\/en\/wp-json\/wp\/v2\/pages\/54591\/revisions"}],"predecessor-version":[{"id":54594,"href":"https:\/\/tamnoukoda.ee\/en\/wp-json\/wp\/v2\/pages\/54591\/revisions\/54594"}],"wp:featuredmedia":[{"embeddable":true,"href":"https:\/\/tamnoukoda.ee\/en\/wp-json\/wp\/v2\/media\/54344"}],"wp:attachment":[{"href":"https:\/\/tamnoukoda.ee\/en\/wp-json\/wp\/v2\/media?parent=54591"}],"curies":[{"name":"wp","href":"https:\/\/api.w.org\/{rel}","templated":true}]}}